{"id":2741,"date":"2019-02-25T15:23:39","date_gmt":"2019-02-25T15:23:39","guid":{"rendered":"https:\/\/www.masdeu.cat\/seguros\/seguro-autocaravana\/"},"modified":"2024-01-03T14:40:40","modified_gmt":"2024-01-03T14:40:40","slug":"seguro-autocaravana","status":"publish","type":"page","link":"https:\/\/www.masdeu.cat\/es\/seguros\/seguro-autocaravana\/","title":{"rendered":"Seguro Autocaravana"},"content":{"rendered":"<p>[et_pb_section fb_built=\u00bb1&#8243; disabled_on=\u00bboff|off|off\u00bb _builder_version=\u00bb4.16&#8243; _module_preset=\u00bbdefault\u00bb global_colors_info=\u00bb{}\u00bb][et_pb_row column_structure=\u00bb1_2,1_2&#8243; _builder_version=\u00bb4.16&#8243; _module_preset=\u00bb18043b20-b077-44d6-99ea-96cb5361dcff\u00bb global_colors_info=\u00bb{}\u00bb][et_pb_column type=\u00bb1_2&#8243; _builder_version=\u00bb4.16&#8243; _module_preset=\u00bbdefault\u00bb global_colors_info=\u00bb{}\u00bb][et_pb_image src=\u00bbhttps:\/\/www.masdeu.cat\/wp-content\/uploads\/2021\/10\/allianz-asseguranca-autocaravana.jpg\u00bb alt=\u00bballianz asseguranca autocaravana\u00bb title_text=\u00bbAllianz &#8211; asseguranc\u0327a autocaravana\u00bb url=\u00bbhttps:\/\/www.masdeu.cat\/wp-content\/uploads\/1.-Allianz-Multiseguro-Empresarial-folleto-1.pdf\u00bb _builder_version=\u00bb4.16&#8243; _module_preset=\u00bb68827551-84ef-4fcd-8d3d-f88c878041a9&#8243; global_colors_info=\u00bb{}\u00bb][\/et_pb_image][et_pb_text _builder_version=\u00bb4.23.1&#8243; _module_preset=\u00bb127b8c0a-829c-4985-90ff-b74b00ca8d7d\u00bb hover_enabled=\u00bb0&#8243; global_colors_info=\u00bb{}\u00bb sticky_enabled=\u00bb0&#8243;]<\/p>\n<h1>Seguro para autocaravanas con <br \/>Allianz Autocaravana<\/h1>\n<p>Si te gusta viajar en autocaravana, esta es la mejor seguro para que te sientas protegido.<\/p>\n<p>[\/et_pb_text][\/et_pb_column][et_pb_column type=\u00bb1_2&#8243; _builder_version=\u00bb4.16&#8243; _module_preset=\u00bbdefault\u00bb global_colors_info=\u00bb{}\u00bb][et_pb_text _builder_version=\u00bb4.16&#8243; _module_preset=\u00bbd282d3fc-4c9c-4583-9b49-150e32eefae4&#8243; global_colors_info=\u00bb{}\u00bb]<\/p>\n<p>Te gusta viajar en caravana? Pues en Allianz tenemos el mejor seguro para autocaravanas y caravanas de mercado:<\/p>\n<ul>\n<li>Dispondr\u00e1s de asistencia en carretera 24 horas al d\u00eda y, adem\u00e1s, desde el kil\u00f3metro 0.<\/li>\n<li>Todos nuestros seguros cubren la rotura de los cristales de tu autocaravana.<\/li>\n<li>Asegura tu autocaravana con nosotros y tendr\u00e1s asesor\u00eda legal en caso de accidente.<\/li>\n<\/ul>\n<p>[\/et_pb_text][et_pb_text disabled_on=\u00bboff|off|off\u00bb _builder_version=\u00bb4.16&#8243; _module_preset=\u00bb166866eb-ea7a-473a-80e0-d610dc2a7ec7&#8243; global_colors_info=\u00bb{}\u00bb]<\/p>\n<p>El mejor seguro para tu autocaravana<\/p>\n<p>[\/et_pb_text][et_pb_text disabled_on=\u00bboff|off|off\u00bb _builder_version=\u00bb4.16&#8243; _module_preset=\u00bb9e5def78-d5d6-4d98-a7a9-9eab8b3e8344&#8243; global_colors_info=\u00bb{}\u00bb]<\/p>\n<h2>Ventajas<\/h2>\n<ol>\n<li>Asistencia en carretera. Si has tenido un problema en la carretera, te damos asistencia las 24 horas del d\u00eda.<\/li>\n<li>Talleres excelentes. Cuenta con nuestros excelentes talleres para dar el mejor servicio a tu caravana.<\/li>\n<li>Asesor\u00eda en caso de multas. Nuestro equipo legal te ayudar\u00e1 a recorrer las sanciones que procedan.<\/li>\n<li>Reparaci\u00f3n de cristales. Si se rompe alguna luna de tu caravana, contacta con nuestros talleres de lunas.<\/li>\n<li>Asesoramiento legal. Ponemos a tu servicio un equipo de expertos legales para ayudarte.<\/li>\n<li>Reclamaci\u00f3n de da\u00f1os. Te ayudamos a reclamar los da\u00f1os que te causen otras personas.<\/li>\n<\/ol>\n<p>[\/et_pb_text][\/et_pb_column][\/et_pb_row][et_pb_row column_structure=\u00bb3_5,2_5&#8243; disabled_on=\u00bbon|on|on\u00bb _builder_version=\u00bb4.16&#8243; _module_preset=\u00bb43e55627-6be9-4097-bb90-77c7eb7fd6af\u00bb disabled=\u00bbon\u00bb global_colors_info=\u00bb{}\u00bb][et_pb_column type=\u00bb3_5&#8243; _builder_version=\u00bb4.16&#8243; _module_preset=\u00bbdefault\u00bb global_colors_info=\u00bb{}\u00bb][et_pb_text _builder_version=\u00bb4.16&#8243; _module_preset=\u00bbe9b4b575-e831-470b-9b12-c2fc8973366c\u00bb global_colors_info=\u00bb{}\u00bb]<\/p>\n<p>Allianz Multiseguro Empresarial, la mejor decisi\u00f3n para asegurar su empresa y sentirse m\u00e1s seguro.<\/p>\n<p>[\/et_pb_text][\/et_pb_column][et_pb_column type=\u00bb2_5&#8243; _builder_version=\u00bb4.16&#8243; _module_preset=\u00bbdefault\u00bb global_colors_info=\u00bb{}\u00bb][et_pb_text _builder_version=\u00bb4.16&#8243; locked=\u00bboff\u00bb global_colors_info=\u00bb{}\u00bb]<\/p>\n\n\t\t<div id=\"wppdfemb-frame-container-2910\" style=\"-webkit-overflow-scrolling:auto;\">\n\t\t\t<iframe src=\"https:\/\/www.masdeu.cat\/es\/?url=https:\/\/www.masdeu.cat\/wp-content\/uploads\/1.-Allianz-Multiseguro-Empresarial-folleto-1.pdf&#038;index=1&#038;pdfID=2910\"\n\t\t\t\tid=\"wppdf-emb-iframe-2910\"\n\t\t\t\tdata-pdf-index=\"1\"\n\t\t\t\tclass=\"pdfembed-iframe nonfullscreen\"\n\t\t\t\tstyle=\"border:none;width:100%;max-width:100%;min-height:1000px\"\n\t\t\t\tscrolling=\"yes\">\n\t\t\t<\/iframe>\n\t\t<\/div>\n\n\t\t\n<p>[\/et_pb_text][\/et_pb_column][\/et_pb_row][\/et_pb_section][et_pb_section fb_built=\u00bb1&#8243; _builder_version=\u00bb4.16&#8243; custom_padding=\u00bb54px|0px|0|0px|false|false\u00bb global_colors_info=\u00bb{}\u00bb][et_pb_row column_structure=\u00bb3_5,2_5&#8243; use_custom_gutter=\u00bbon\u00bb gutter_width=\u00bb1&#8243; make_equal=\u00bbon\u00bb disabled_on=\u00bbon|on|on\u00bb module_class=\u00bbasseguranca\u00bb _builder_version=\u00bb4.16&#8243; custom_padding=\u00bb0|0px|27px|0px|false|false\u00bb disabled=\u00bbon\u00bb global_colors_info=\u00bb{}\u00bb][et_pb_column type=\u00bb3_5&#8243; _builder_version=\u00bb4.16&#8243; background_color=\u00bb#dfddd6&#8243; custom_padding=\u00bb35px|35px|35px|35px\u00bb global_colors_info=\u00bb{}\u00bb custom_padding__hover=\u00bb|||\u00bb][et_pb_post_title meta=\u00bboff\u00bb featured_placement=\u00bbabove\u00bb _builder_version=\u00bb4.16&#8243; global_colors_info=\u00bb{}\u00bb][\/et_pb_post_title][et_pb_text _builder_version=\u00bb4.16&#8243; global_colors_info=\u00bb{}\u00bb]<\/p>\n<p>Descubre todas las ventajas de <span class=\"hiddenSpellError\">Allianz<\/span> para <span class=\"hiddenGrammarError\">autocaravanas.<\/span><\/p>\n<p>[\/et_pb_text][\/et_pb_column][et_pb_column type=\u00bb2_5&#8243; _builder_version=\u00bb4.16&#8243; background_color=\u00bb#cfcfcf\u00bb custom_padding=\u00bb0px||35px|\u00bb global_colors_info=\u00bb{}\u00bb custom_padding__hover=\u00bb|||\u00bb][\/et_pb_column][\/et_pb_row][\/et_pb_section][et_pb_section fb_built=\u00bb1&#8243; module_id=\u00bbcta-final\u00bb _builder_version=\u00bb4.5.6&#8243; custom_padding=\u00bb0|0px|0|0px|false|false\u00bb global_module=\u00bb1837&#8243; saved_tabs=\u00bball\u00bb locked=\u00bboff\u00bb global_colors_info=\u00bb{}\u00bb][et_pb_row column_structure=\u00bb2_5,3_5&#8243; use_custom_gutter=\u00bbon\u00bb gutter_width=\u00bb1&#8243; module_class=\u00bb et_pb_row_fullwidth\u00bb _builder_version=\u00bb4.16&#8243; background_color=\u00bb#f7f7f7&#8243; width=\u00bb100%\u00bb width_tablet=\u00bb100%\u00bb width_phone=\u00bb\u00bb width_last_edited=\u00bbon|desktop\u00bb max_width=\u00bb100%\u00bb max_width_tablet=\u00bb100%\u00bb max_width_phone=\u00bb\u00bb max_width_last_edited=\u00bbon|desktop\u00bb border_width_all=\u00bb1px\u00bb border_color_all=\u00bb#d6d6d6&#8243; make_fullwidth=\u00bbon\u00bb global_colors_info=\u00bb{}\u00bb][et_pb_column type=\u00bb2_5&#8243; _builder_version=\u00bb4.16&#8243; custom_padding=\u00bb35px|35px|35px|35px\u00bb global_colors_info=\u00bb{}\u00bb custom_padding__hover=\u00bb|||\u00bb][et_pb_text _builder_version=\u00bb4.16&#8243; _module_preset=\u00bbdefault\u00bb global_colors_info=\u00bb{}\u00bb]<\/p>\n<h2>Si quieres\u00a0<strong><span style=\"color: #847536;\">m\u00e1s informaci\u00f3n<\/span><\/strong><\/h2>\n<p>\u00a0 <span style=\"font-size: 20px;\">ll\u00e1manos al <\/span><a style=\"font-size: 20px;\" href=\"tel:+349338199343\">938 199 343\u00a0<\/a><span style=\"font-size: 20px;\">o rellena este\u00a0<\/span><a style=\"font-size: 20px;\" href=\"#formulari\">formulario<\/a><\/p>\n<p>[\/et_pb_text][\/et_pb_column][et_pb_column type=\u00bb3_5&#8243; _builder_version=\u00bb4.16&#8243; custom_padding=\u00bb0px|35px|35px|35px\u00bb global_colors_info=\u00bb{}\u00bb custom_padding__hover=\u00bb|||\u00bb][et_pb_text module_id=\u00bbformulari\u00bb _builder_version=\u00bb4.16&#8243; global_colors_info=\u00bb{}\u00bb]<\/p>\n<script type=\"text\/javascript\">\n\/* <![CDATA[ *\/\nvar gform;gform||(document.addEventListener(\"gform_main_scripts_loaded\",function(){gform.scriptsLoaded=!0}),document.addEventListener(\"gform\/theme\/scripts_loaded\",function(){gform.themeScriptsLoaded=!0}),window.addEventListener(\"DOMContentLoaded\",function(){gform.domLoaded=!0}),gform={domLoaded:!1,scriptsLoaded:!1,themeScriptsLoaded:!1,isFormEditor:()=>\"function\"==typeof InitializeEditor,callIfLoaded:function(o){return!(!gform.domLoaded||!gform.scriptsLoaded||!gform.themeScriptsLoaded&&!gform.isFormEditor()||(gform.isFormEditor()&&console.warn(\"The use of gform.initializeOnLoaded() is deprecated in the form editor context and will be removed in Gravity Forms 3.1.\"),o(),0))},initializeOnLoaded:function(o){gform.callIfLoaded(o)||(document.addEventListener(\"gform_main_scripts_loaded\",()=>{gform.scriptsLoaded=!0,gform.callIfLoaded(o)}),document.addEventListener(\"gform\/theme\/scripts_loaded\",()=>{gform.themeScriptsLoaded=!0,gform.callIfLoaded(o)}),window.addEventListener(\"DOMContentLoaded\",()=>{gform.domLoaded=!0,gform.callIfLoaded(o)}))},hooks:{action:{},filter:{}},addAction:function(o,r,e,t){gform.addHook(\"action\",o,r,e,t)},addFilter:function(o,r,e,t){gform.addHook(\"filter\",o,r,e,t)},doAction:function(o){gform.doHook(\"action\",o,arguments)},applyFilters:function(o){return gform.doHook(\"filter\",o,arguments)},removeAction:function(o,r){gform.removeHook(\"action\",o,r)},removeFilter:function(o,r,e){gform.removeHook(\"filter\",o,r,e)},addHook:function(o,r,e,t,n){null==gform.hooks[o][r]&&(gform.hooks[o][r]=[]);var d=gform.hooks[o][r];null==n&&(n=r+\"_\"+d.length),gform.hooks[o][r].push({tag:n,callable:e,priority:t=null==t?10:t})},doHook:function(r,o,e){var t;if(e=Array.prototype.slice.call(e,1),null!=gform.hooks[r][o]&&((o=gform.hooks[r][o]).sort(function(o,r){return o.priority-r.priority}),o.forEach(function(o){\"function\"!=typeof(t=o.callable)&&(t=window[t]),\"action\"==r?t.apply(null,e):e[0]=t.apply(null,e)})),\"filter\"==r)return e[0]},removeHook:function(o,r,t,n){var e;null!=gform.hooks[o][r]&&(e=(e=gform.hooks[o][r]).filter(function(o,r,e){return!!(null!=n&&n!=o.tag||null!=t&&t!=o.priority)}),gform.hooks[o][r]=e)}});\n\/* ]]> *\/\n<\/script>\n\n                <div class='gf_browser_gecko gform_wrapper gform_legacy_markup_wrapper gform-theme--no-framework' data-form-theme='legacy' data-form-index='0' id='gform_wrapper_1' ><form method='post' enctype='multipart\/form-data'  id='gform_1'  action='\/es\/wp-json\/wp\/v2\/pages\/2741' data-formid='1' novalidate><div class='gf_invisible ginput_recaptchav3' data-sitekey='6LepZnEqAAAAAEpeqenyNm1DOWzyk-h9P1E1zml4' data-tabindex='0'><input id=\"input_2d7a60f2b919364ce096d6d4aeca9888\" class=\"gfield_recaptcha_response\" type=\"hidden\" name=\"input_2d7a60f2b919364ce096d6d4aeca9888\" value=\"\"\/><\/div>\n                        <div class='gform-body gform_body'><ul id='gform_fields_1' class='gform_fields top_label form_sublabel_below description_below validation_below'><li id=\"field_1_1\" class=\"gfield gfield--type-text gfield--input-type-text gf_left_third gfield_contains_required field_sublabel_below gfield--no-description field_description_below field_validation_below gfield_visibility_visible\"  ><label class='gfield_label gform-field-label' for='input_1_1'>Nombre y apellidos<span class=\"gfield_required\"><span class=\"gfield_required gfield_required_asterisk\">*<\/span><\/span><\/label><div class='ginput_container ginput_container_text'><input name='input_1' id='input_1_1' type='text' value='' class='medium'     aria-required=\"true\" aria-invalid=\"false\"   \/><\/div><\/li><li id=\"field_1_2\" class=\"gfield gfield--type-email gfield--input-type-email gf_middle_third gfield_contains_required field_sublabel_below gfield--no-description field_description_below field_validation_below gfield_visibility_visible\"  ><label class='gfield_label gform-field-label' for='input_1_2'>Correo electr\u00f3nico<span class=\"gfield_required\"><span class=\"gfield_required gfield_required_asterisk\">*<\/span><\/span><\/label><div class='ginput_container ginput_container_email'>\n                            <input name='input_2' id='input_1_2' type='email' value='' class='medium'    aria-required=\"true\" aria-invalid=\"false\"  \/>\n                        <\/div><\/li><li id=\"field_1_4\" class=\"gfield gfield--type-text gfield--input-type-text gf_right_third gfield_contains_required field_sublabel_below gfield--no-description field_description_below field_validation_below gfield_visibility_visible\"  ><label class='gfield_label gform-field-label' for='input_1_4'>Tel\u00e9fono<span class=\"gfield_required\"><span class=\"gfield_required gfield_required_asterisk\">*<\/span><\/span><\/label><div class='ginput_container ginput_container_text'><input name='input_4' id='input_1_4' type='text' value='' class='medium'     aria-required=\"true\" aria-invalid=\"false\"   \/><\/div><\/li><li id=\"field_1_5\" class=\"gfield gfield--type-textarea gfield--input-type-textarea gfield_contains_required field_sublabel_below gfield--no-description field_description_below hidden_label field_validation_below gfield_visibility_visible\"  ><label class='gfield_label gform-field-label' for='input_1_5'>Mensaje<span class=\"gfield_required\"><span class=\"gfield_required gfield_required_asterisk\">*<\/span><\/span><\/label><div class='ginput_container ginput_container_textarea'><textarea name='input_5' id='input_1_5' class='textarea small'    placeholder='\u00bfQu\u00e9 informaci\u00f3n adicional necesitas?' aria-required=\"true\" aria-invalid=\"false\"   rows='10' cols='50'><\/textarea><\/div><\/li><li id=\"field_1_6\" class=\"gfield gfield--type-consent gfield--type-choice gfield--input-type-consent gfield_contains_required field_sublabel_below gfield--has-description field_description_below field_validation_below gfield_visibility_visible\"  ><label class='gfield_label gform-field-label gfield_label_before_complex' >Consentimiento<span class=\"gfield_required\"><span class=\"gfield_required gfield_required_asterisk\">*<\/span><\/span><\/label><div class='ginput_container ginput_container_consent'><input name='input_6.1' id='input_1_6_1' type='checkbox' value='1'  aria-describedby=\"gfield_consent_description_1_6\" aria-required=\"true\" aria-invalid=\"false\"   \/> <label class=\"gform-field-label gform-field-label--type-inline gfield_consent_label\" for='input_1_6_1' >Accepto la legalitat i la <a href=\"https:\/\/www.masdeu.cat\/avis-legal\/\">protecci\u00f3 de dades<\/a>*<\/label><input type='hidden' name='input_6.2' value='Accepto la legalitat i la &lt;a href=&quot;https:\/\/www.masdeu.cat\/avis-legal\/&quot;&gt;protecci\u00f3 de dades&lt;\/a&gt;*' class='gform_hidden' \/><input type='hidden' name='input_6.3' value='4' class='gform_hidden' \/><\/div><div class='gfield_description gfield_consent_description' id='gfield_consent_description_1_6' tabindex='0'>MASDEU- MEDIACI\u00d3 EN ASSEGURANCES, S.L. es el Responsable del tratamiento de los datos personales del usuario y le informa de que estos datos se tratar\u00e1n de conformidad con lo dispuesto en el Reglamento (UE) 2016\/679, de 27 de abril (GDPR), y la Ley Org\u00e1nica 3\/2018, de 5 de diciembre (LOPDGDD), por lo que se le facilita la siguiente informaci\u00f3n del tratamiento:<br \/>\r\nFines y legitimaci\u00f3n del tratamiento: mantener una relaci\u00f3n comercial (por inter\u00e9s leg\u00edtimo del responsable, art. 6.1.f GDPR) y el env\u00edo de comunicaciones de productos o servicios (por consentimiento del interesado, art. 6.1.a GDPR).<br \/>\r\nCriterios de conservaci\u00f3n de los datos: se conservar\u00e1n durante no m\u00e1s tiempo del necesario para mantener el fin del tratamiento o mientras existan prescripciones legales que dictaminen su custodia y cuando ya no sea necesario para ello, se suprimir\u00e1n con medidas de seguridad adecuadas para garantizar la anonimizaci\u00f3n de los datos o la destrucci\u00f3n total de los mismos.<br \/>\r\nComunicaci\u00f3n de los datos: no se comunicar\u00e1n los datos a terceros, salvo obligaci\u00f3n legal.<br \/>\r\nDerechos que asisten al usuario: derecho a retirar el consentimiento en cualquier momento. Derecho de acceso, rectificaci\u00f3n, portabilidad y supresi\u00f3n de sus datos, y de limitaci\u00f3n u oposici\u00f3n a su tratamiento. Derecho a presentar una reclamaci\u00f3n ante la Autoridad de control (www.aepd.es) si considera que el tratamiento no se ajusta a la normativa vigente.<br \/>\r\nDatos de contacto para ejercer sus derechos: assegurances@masdeu.cat.<br \/>\r\n<br \/>\r\n<\/div><\/li><li id=\"field_1_7\" class=\"gfield gfield--type-html gfield--input-type-html gfield--width-full gfield_html gfield_html_formatted field_sublabel_below gfield--no-description field_description_below field_validation_below gfield_visibility_visible\"  ><p style=\"font-size: 10px; line-height: 1;\">Este sitio est\u00e1 protegido por reCAPTCHA y aplica la <a href=\"https:\/\/policies.google.com\/privacy\" target=\"_blank\" rel=\"noopener\">pol\u00edtica de privacidad<\/a> y las <a href=\"https:\/\/policies.google.com\/terms\" target=\"_blank\" rel=\"noopener\">condiciones de servicio<\/a> de Google.<\/p><\/li><\/ul><\/div>\n        <div class='gform-footer gform_footer top_label'> <input type='submit' id='gform_submit_button_1' class='gform_button button' onclick='gform.submission.handleButtonClick(this);' data-submission-type='submit' value='Env\u00eda'  \/> \n            <input type='hidden' class='gform_hidden' name='gform_submission_method' data-js='gform_submission_method_1' value='postback' \/>\n            <input type='hidden' class='gform_hidden' name='gform_theme' data-js='gform_theme_1' id='gform_theme_1' value='legacy' \/>\n            <input type='hidden' class='gform_hidden' name='gform_style_settings' data-js='gform_style_settings_1' id='gform_style_settings_1' value='[]' \/>\n            <input type='hidden' class='gform_hidden' name='is_submit_1' value='1' \/>\n            <input type='hidden' class='gform_hidden' name='gform_submit' value='1' \/>\n            \n            <input type='hidden' class='gform_hidden' name='gform_currency' data-currency='EUR' value='hacgS1T3aBNUVaOY2g1o9JhDlu0Buw6WOAGKYnGB10gp4Yhga\/bhJo4H6q0FuZu0QfKW\/eHfe2B18\/wYfYZTeeTfBzP8PCEjIEKEDJnAu\/Hb6hc=' \/>\n            <input type='hidden' class='gform_hidden' name='gform_unique_id' value='' \/>\n            <input type='hidden' class='gform_hidden' name='state_1' value='WyJ7XCI2LjFcIjpcImVhMmYyYmYyNjNiYjRjZDQ1ZTAxNTMxMDkxMjVhYjdkXCIsXCI2LjJcIjpcImE3MGJjMWJiZDU3MDgyYWUyMmU5OWNmMWFhMzkxZDgwXCIsXCI2LjNcIjpcImEzYTgxM2Y1ZGU1NDcyZGYwZjYwNDRmYjBhNWY3NGNhXCJ9IiwiZmVkZTY0Yzc0YzQzMWM3ODVlYzQwOWViMmViZGE2ZDIiXQ==' \/>\n            <input type='hidden' autocomplete='off' class='gform_hidden' name='gform_target_page_number_1' id='gform_target_page_number_1' value='0' \/>\n            <input type='hidden' autocomplete='off' class='gform_hidden' name='gform_source_page_number_1' id='gform_source_page_number_1' value='1' \/>\n            <input type='hidden' name='gform_field_values' value='' \/>\n            \n        <\/div>\n                        <p style=\"display: none !important;\" class=\"akismet-fields-container\" data-prefix=\"ak_\"><label>&#916;<textarea name=\"ak_hp_textarea\" cols=\"45\" rows=\"8\" maxlength=\"100\"><\/textarea><\/label><input type=\"hidden\" id=\"ak_js_1\" name=\"ak_js\" value=\"25\"\/><script>document.getElementById( \"ak_js_1\" ).setAttribute( \"value\", ( new Date() ).getTime() );<\/script><\/p><\/form>\n                        <\/div><script type=\"text\/javascript\">\n\/* <![CDATA[ *\/\n gform.initializeOnLoaded( function() {gformInitSpinner( 1, 'https:\/\/www.masdeu.cat\/wp-content\/plugins\/gravityforms\/images\/spinner.svg', true );jQuery('#gform_ajax_frame_1').on('load',function(){var contents = jQuery(this).contents().find('*').html();var is_postback = contents.indexOf('GF_AJAX_POSTBACK') >= 0;if(!is_postback){return;}var form_content = jQuery(this).contents().find('#gform_wrapper_1');var is_confirmation = jQuery(this).contents().find('#gform_confirmation_wrapper_1').length > 0;var is_redirect = contents.indexOf('gformRedirect(){') >= 0;var is_form = form_content.length > 0 && ! is_redirect && ! is_confirmation;var mt = parseInt(jQuery('html').css('margin-top'), 10) + parseInt(jQuery('body').css('margin-top'), 10) + 100;if(is_form){jQuery('#gform_wrapper_1').html(form_content.html());if(form_content.hasClass('gform_validation_error')){jQuery('#gform_wrapper_1').addClass('gform_validation_error');} else {jQuery('#gform_wrapper_1').removeClass('gform_validation_error');}setTimeout( function() { \/* delay the scroll by 50 milliseconds to fix a bug in chrome *\/  }, 50 );if(window['gformInitDatepicker']) {gformInitDatepicker();}if(window['gformInitPriceFields']) {gformInitPriceFields();}var current_page = jQuery('#gform_source_page_number_1').val();gformInitSpinner( 1, 'https:\/\/www.masdeu.cat\/wp-content\/plugins\/gravityforms\/images\/spinner.svg', true );jQuery(document).trigger('gform_page_loaded', [1, current_page]);window['gf_submitting_1'] = false;}else if(!is_redirect){var confirmation_content = jQuery(this).contents().find('.GF_AJAX_POSTBACK').html();if(!confirmation_content){confirmation_content = contents;}jQuery('#gform_wrapper_1').replaceWith(confirmation_content);jQuery(document).trigger('gform_confirmation_loaded', [1]);window['gf_submitting_1'] = false;wp.a11y.speak(jQuery('#gform_confirmation_message_1').text());}else{jQuery('#gform_1').append(contents);if(window['gformRedirect']) {gformRedirect();}}jQuery(document).trigger(\"gform_pre_post_render\", [{ formId: \"1\", currentPage: \"current_page\", abort: function() { this.preventDefault(); } }]);        if (event && event.defaultPrevented) {                return;        }        const gformWrapperDiv = document.getElementById( \"gform_wrapper_1\" );        if ( gformWrapperDiv ) {            const visibilitySpan = document.createElement( \"span\" );            visibilitySpan.id = \"gform_visibility_test_1\";            gformWrapperDiv.insertAdjacentElement( \"afterend\", visibilitySpan );        }        const visibilityTestDiv = document.getElementById( \"gform_visibility_test_1\" );        let postRenderFired = false;        function triggerPostRender() {            if ( postRenderFired ) {                return;            }            postRenderFired = true;            gform.core.triggerPostRenderEvents( 1, current_page );            if ( visibilityTestDiv ) {                visibilityTestDiv.parentNode.removeChild( visibilityTestDiv );            }        }        function debounce( func, wait, immediate ) {            var timeout;            return function() {                var context = this, args = arguments;                var later = function() {                    timeout = null;                    if ( !immediate ) func.apply( context, args );                };                var callNow = immediate && !timeout;                clearTimeout( timeout );                timeout = setTimeout( later, wait );                if ( callNow ) func.apply( context, args );            };        }        const debouncedTriggerPostRender = debounce( function() {            triggerPostRender();        }, 200 );        if ( visibilityTestDiv && visibilityTestDiv.offsetParent === null ) {            const observer = new MutationObserver( ( mutations ) => {                mutations.forEach( ( mutation ) => {                    if ( mutation.type === 'attributes' && visibilityTestDiv.offsetParent !== null ) {                        debouncedTriggerPostRender();                        observer.disconnect();                    }                });            });            observer.observe( document.body, {                attributes: true,                childList: false,                subtree: true,                attributeFilter: [ 'style', 'class' ],            });        } else {            triggerPostRender();        }    } );} ); \n\/* ]]> *\/\n<\/script>\n\n<p>[\/et_pb_text][\/et_pb_column][\/et_pb_row][\/et_pb_section]<\/p>\n","protected":false},"excerpt":{"rendered":"<p>Seguro para autocaravanas con Allianz Autocaravana Si te gusta viajar en autocaravana, esta es la mejor seguro para que te sientas protegido.Te gusta viajar en caravana? Pues en Allianz tenemos el mejor seguro para autocaravanas y caravanas de mercado: Dispondr\u00e1s de asistencia en carretera 24 horas al d\u00eda y, adem\u00e1s, desde el kil\u00f3metro 0. Todos [&hellip;]<\/p>\n","protected":false},"author":11,"featured_media":4836,"parent":1125,"menu_order":0,"comment_status":"closed","ping_status":"closed","template":"","meta":{"_et_pb_use_builder":"on","_et_pb_old_content":"","_et_gb_content_width":"","rank_math_lock_modified_date":false,"footnotes":""},"dipi_cpt_category":[],"class_list":["post-2741","page","type-page","status-publish","has-post-thumbnail","hentry"],"_links":{"self":[{"href":"https:\/\/www.masdeu.cat\/es\/wp-json\/wp\/v2\/pages\/2741"}],"collection":[{"href":"https:\/\/www.masdeu.cat\/es\/wp-json\/wp\/v2\/pages"}],"about":[{"href":"https:\/\/www.masdeu.cat\/es\/wp-json\/wp\/v2\/types\/page"}],"author":[{"embeddable":true,"href":"https:\/\/www.masdeu.cat\/es\/wp-json\/wp\/v2\/users\/11"}],"replies":[{"embeddable":true,"href":"https:\/\/www.masdeu.cat\/es\/wp-json\/wp\/v2\/comments?post=2741"}],"version-history":[{"count":9,"href":"https:\/\/www.masdeu.cat\/es\/wp-json\/wp\/v2\/pages\/2741\/revisions"}],"predecessor-version":[{"id":6024,"href":"https:\/\/www.masdeu.cat\/es\/wp-json\/wp\/v2\/pages\/2741\/revisions\/6024"}],"up":[{"embeddable":true,"href":"https:\/\/www.masdeu.cat\/es\/wp-json\/wp\/v2\/pages\/1125"}],"wp:featuredmedia":[{"embeddable":true,"href":"https:\/\/www.masdeu.cat\/es\/wp-json\/wp\/v2\/media\/4836"}],"wp:attachment":[{"href":"https:\/\/www.masdeu.cat\/es\/wp-json\/wp\/v2\/media?parent=2741"}],"wp:term":[{"taxonomy":"dipi_cpt_category","embeddable":true,"href":"https:\/\/www.masdeu.cat\/es\/wp-json\/wp\/v2\/dipi_cpt_category?post=2741"}],"curies":[{"name":"wp","href":"https:\/\/api.w.org\/{rel}","templated":true}]}}